{"id":107,"date":"2025-03-10T01:09:19","date_gmt":"2025-03-10T01:09:19","guid":{"rendered":"https:\/\/jestbahiss.com\/jestbahis\/"},"modified":"2026-01-08T12:52:08","modified_gmt":"2026-01-08T12:52:08","slug":"jestbahis","status":"publish","type":"page","link":"https:\/\/jestbahiss.com\/tr\/jestbahis\/","title":{"rendered":"Jestbahis"},"content":{"rendered":"<p><strong>Jestbahis g\u00fcncel giri\u015f adresi yine de\u011fi\u015ftirildi. Siteye ula\u015fmak i\u00e7in Jestbahis tan\u0131t\u0131m blo\u011fundaki linkler kullan\u0131labilir.<\/strong><\/p>\n<p style=\"text-align: center;\"><a href=\"https:\/\/t2m.io\/boostbuton%20\" target=\"_blank\" title=\"300 TL DENEME BONUSU\" class=\"AriFlexBtns hasGlowing\" style=\"background: #e05341;\" rel=\"noopener noreferrer\"><strong>300 TL DENEME BONUSU<\/strong><\/a><\/p>\n<p style=\"text-align: center;\"><a href=\"https:\/\/t2m.io\/jetbahiss\" target=\"_blank\" title=\"S\u0130TEYE G\u0130RMEK \u0130\u00c7\u0130N TIKLA\" class=\"AriFlexBtns \" style=\"background: #00008b;\" rel=\"noopener noreferrer\"><strong>S\u0130TEYE G\u0130RMEK \u0130\u00c7\u0130N TIKLA<\/strong><\/a><\/p>\n<p style=\"text-align: center;\"><a href=\"https:\/\/t2m.io\/boostbuton2\" target=\"_blank\" title=\"500 TL DENEME BONUSU\" class=\"AriFlexBtns hasGlowing\" style=\"background: #70ad47;\" rel=\"noopener noreferrer\"><strong>500 TL DENEME BONUSU<\/strong><\/a><\/p>\n<p>2017 senesinde hizmetlerine ba\u015flam\u0131\u015f olan <a href=\"https:\/\/jestbahiss.com\/\"><strong>Jestbahis<\/strong><\/a> sitesi, m\u00fc\u015fterilerine bu tarihten itibaren kapsaml\u0131 bir \u015fekilde hizmet vermeye devam ediyor. Sitede yer alan teknik bilgileri ilk olarak inceledi\u011fimizde Pinbit N.V \u015firketi y\u00f6netiminde hizmetlerin yer ald\u0131\u011f\u0131n\u0131 belirtmektedir. Bu \u015fekilde yer alan hizmet se\u00e7eneklerinde bir de lisans sa\u011flay\u0131c\u0131s\u0131 ile kar\u015f\u0131la\u015f\u0131yoruz. Peki bu lisans bilgileri nelerdir? Genel olarak bakt\u0131\u011f\u0131m\u0131zda Curacao h\u00fck\u00fcmetinden bir lisans\u0131n geldi\u011fini ve numaras\u0131n\u0131n da 8048\/JAZ2017-036 \u015feklinde belirlendi\u011fini g\u00f6rmekteyiz. Poker Klas teknik altyap\u0131s\u0131 ile hizmet veren sitenin bu bilgilerine sizler de giri\u015flerden sonra eri\u015fim sa\u011flayabilirsiniz.<\/p>\n<p><img loading=\"lazy\" decoding=\"async\" class=\"aligncenter size-large wp-image-119\" src=\"https:\/\/jestbahiss.com\/wp-content\/uploads\/2025\/03\/jestbahis-1024x501.webp\" alt=\"Jestbahis\" width=\"640\" height=\"313\" srcset=\"https:\/\/jestbahiss.com\/tr\/wp-content\/uploads\/2025\/03\/jestbahis-1024x501.webp 1024w, https:\/\/jestbahiss.com\/tr\/wp-content\/uploads\/2025\/03\/jestbahis-300x147.webp 300w, https:\/\/jestbahiss.com\/tr\/wp-content\/uploads\/2025\/03\/jestbahis-768x376.webp 768w, https:\/\/jestbahiss.com\/tr\/wp-content\/uploads\/2025\/03\/jestbahis-1536x752.webp 1536w, https:\/\/jestbahiss.com\/tr\/wp-content\/uploads\/2025\/03\/jestbahis.webp 1920w\" sizes=\"auto, (max-width: 640px) 100vw, 640px\" \/><\/p>\n<h2><strong>Jestbahis Kapand\u0131 M\u0131?<\/strong><\/h2>\n<p>Ekstra olarak bir de site giri\u015fleri ile alakal\u0131 bir durumdan bahsetmemiz laz\u0131m. Giri\u015f i\u015flemlerinizi ger\u00e7ekle\u015ftirece\u011finiz zamanlarda herhangi bir sorun ile kar\u015f\u0131la\u015f\u0131rsan\u0131z, acaba <strong>Jestbahis kapand\u0131 m\u0131 <\/strong>diye merak i\u00e7erisinde olabilirsiniz. Bu noktada da sitenin herhangi bir kapanma vb. durumunun yer almad\u0131\u011f\u0131n\u0131 belirtmemiz laz\u0131m. Hizmetlerine yenilenen adresi \u00fczerinden devam etmektedir.<\/p>\n<p>Bilgi Teknolojileri ve \u0130leti\u015fim Kurumu bu t\u00fcr sitelere \u00fclkemizde s\u00fcrekli olarak eri\u015fim yasaklar\u0131 getirmektedir. Gelen yasaklamalar\u0131n sonras\u0131nda da herhangi bir sorun \u00e7\u0131kmamas\u0131 ad\u0131na bahis sitelerinde adres de\u011fi\u015fikli\u011fi ger\u00e7ekle\u015fmektedir. \u0130\u015fte hal b\u00f6yle olunca da <a href=\"https:\/\/jestbahiss.com\/\"><strong>Jestbahis<\/strong><\/a> yetkilileri zaman zaman adres de\u011fi\u015fikli\u011fini ger\u00e7ekle\u015ftirebiliyorlar. En g\u00fcncel adrese ise sitemiz \u00fczerinden eri\u015fim sa\u011flayabilece\u011finizi aktarmak istiyoruz.<\/p>\n<h2><strong>Jestbahis Canl\u0131 Bahis<\/strong><\/h2>\n<p>Sitede ilk hizmet kategorisi olarak bahis b\u00f6l\u00fcm\u00fc ile kar\u015f\u0131la\u015fmaktay\u0131z. Tabi ki burada da <strong>Jestbahis canl\u0131 bahis <\/strong>b\u00f6l\u00fcm\u00fc s\u0131kl\u0131kla tercih ediliyor. Sitenin bu canl\u0131 bahis b\u00f6l\u00fcm\u00fcn\u00fc inceleme alt\u0131na ald\u0131\u011f\u0131m\u0131zda, olduk\u00e7a \u00e7e\u015fitli spor dallar\u0131 ile kar\u015f\u0131la\u015fabiliyoruz. Bu spor dallar\u0131n\u0131n baz\u0131lar\u0131n\u0131 \u015fu \u015fekilde s\u0131ralayabiliriz:<\/p>\n<ul>\n<li>Futbol<\/li>\n<li>Basketbol<\/li>\n<li>Hentbol<\/li>\n<li>Voleybol<\/li>\n<li>Tenis<\/li>\n<li>Masa Tenisi<\/li>\n<li>Ragbi<\/li>\n<li>Badminton<\/li>\n<li>Buz Hokeyi<\/li>\n<li>Amerikan Futbolu<\/li>\n<\/ul>\n<p>Bu \u015fekilde yer alan spor dallar\u0131n\u0131n ma\u00e7lar\u0131na ma\u00e7 s\u0131ras\u0131nda bahis yapabilece\u011finiz bir platform olu\u015fturulmu\u015f durumdad\u0131r. \u00dcstelik sitede ma\u00e7 \u00e7e\u015fitlili\u011fi, bahis market \u00e7e\u015fitlili\u011fi gibi noktalar\u0131n da yer ald\u0131\u011f\u0131ndan s\u00f6z edebiliyoruz. B\u00f6ylelikle kazanmak istedi\u011finiz miktarlara daha k\u0131sa s\u00fcre i\u00e7erisinde eri\u015fim sa\u011flayabileceksiniz.<\/p>\n<h3><strong>Jestbahis Canl\u0131 TV<\/strong><\/h3>\n<p>E\u011fer sitenin canl\u0131 bahis b\u00f6l\u00fcm\u00fcnden yararlanacaksan\u0131z, burada sizlere \u00e7ok etkili ba\u015fka bir noktadan da s\u00f6z etmemiz gerekecek. Bu nokta tabi ki canl\u0131 TV \u00f6zelli\u011fidir. De\u011ferlendirece\u011finiz <strong>Jestbahis canl\u0131 TV <\/strong>hizmeti sayesinde daha ba\u015far\u0131l\u0131 bir \u015fekilde hizmet alabilece\u011finizden emin olabilirsiniz. Canl\u0131 TV adl\u0131 sekmesine t\u0131klad\u0131ktan sonra kar\u015f\u0131n\u0131za yeni bir ekran gelecektir. A\u00e7\u0131lan bu pencerede de b\u00fct\u00fcn spor dallar\u0131n\u0131n ma\u00e7lar\u0131n\u0131 naklen izleme f\u0131rsat\u0131n\u0131 elde edeceksiniz.<\/p>\n<p>Burada \u00f6nemli olan noktan\u0131n kalite oldu\u011funun fark\u0131nday\u0131z. Peki kalite noktas\u0131nda ne gibi bir sonu\u00e7 ortaya \u00e7\u0131kabilir? Sizler i\u00e7in yapt\u0131\u011f\u0131m\u0131z denemelerin sonucunda donma vb. durum ile kar\u015f\u0131la\u015fmad\u0131k. Yani sizler de gayet ba\u015far\u0131l\u0131 bir \u015fekilde yararlanabileceksiniz.<\/p>\n<h2><strong>Jestbahis Sanal Bahis<\/strong><\/h2>\n<p>Sitede bahis yaparken mutlaka tercih etmek isteyece\u011finiz b\u00f6l\u00fcmlerden bir tanesi de sanal bahis kategorisi olacakt\u0131r. Peki bu noktada <strong>Jestbahis sanal bahis <\/strong>ad\u0131na ne gibi hizmetleri veriyor? Bu b\u00f6l\u00fcm\u00fc inceledi\u011fimizde ise sizlere \u015fu gibi sanal bahis t\u00fcrlerinin verildi\u011fini g\u00f6rmekteyiz:<\/p>\n<ul>\n<li>At Yar\u0131\u015f\u0131<\/li>\n<li>Taz\u0131 Yar\u0131\u015f\u0131<\/li>\n<li>Futbol<\/li>\n<li>Araba Yar\u0131\u015f\u0131<\/li>\n<li>Voleybol<\/li>\n<\/ul>\n<p>Bu \u015fekilde yer alan sanal bahis kategorilerinde iki adet farkl\u0131 altyap\u0131n\u0131n \u00fcr\u00fcnlerini g\u00f6receksiniz. Bunlar Pragmatic Play ve Kiron altyap\u0131lar\u0131d\u0131r. Bu \u015fekilde yer alan altyap\u0131 markalar\u0131 sayesinde oyunlardan yararlan\u0131rken hi\u00e7bir \u015fekilde sorun ile kar\u015f\u0131la\u015fmayaca\u011f\u0131n\u0131z\u0131 belirtmek istiyoruz. Ayn\u0131 zamanda normal bahis b\u00f6l\u00fcm\u00fcndeki gibi \u00e7e\u015fitli bahis se\u00e7eneklerini ve sa\u011flam bahis oranlar\u0131n\u0131 g\u00f6rebilece\u011finiz bir aland\u0131r.<\/p>\n<h2><strong>Jestbahis Slot<\/strong><\/h2>\n<p>Siteye giri\u015flerinizi ger\u00e7ekle\u015ftirmeniz ile birlikte, bir de i\u00e7erisindeki slot oyunlar\u0131ndan nas\u0131l yararlanaca\u011f\u0131n\u0131z\u0131 belirtmek istiyoruz. \u00c7\u00fcnk\u00fc casino alan\u0131nda da en \u00e7ok tercih edilen b\u00f6l\u00fcmlerden bir tanesi slot oyunlar\u0131 olmaktad\u0131r. Genel olarak bakt\u0131\u011f\u0131m\u0131zda ise <strong>Jestbahis slot <\/strong>\u00e7e\u015fitlili\u011fi a\u00e7\u0131s\u0131ndan pek \u00e7ok bahis firmas\u0131na g\u00f6re daha iyi konumda olan bir sitedir. Sitede sizler i\u00e7in pop\u00fcler olarak g\u00f6sterebilece\u011fimiz slot makineleri \u015fu \u015fekildedir:<\/p>\n<ul>\n<li>Christmas Big Bass Bonanza<\/li>\n<li>Book of the Divine<\/li>\n<li>Aztec Spell<\/li>\n<li>Majestic King<\/li>\n<li>20 Super Hot<\/li>\n<li>Sweet Bonanza<\/li>\n<li>40 Burning Hot<\/li>\n<li>Sweet Bonanza Xmas<\/li>\n<li>Gaters of Olympus<\/li>\n<li>Fruit Party<\/li>\n<\/ul>\n<p>\u0130\u015fte bu \u015fekildeki slot t\u00fcrlerinin daha y\u00fczlerce farkl\u0131 se\u00e7ene\u011fini sitede bulabileceksiniz. Bu \u00e7e\u015fitlilik sayesinde kazan\u00e7lar\u0131n\u0131z\u0131n da iyi seviyede olaca\u011f\u0131n\u0131 s\u00f6yleyebiliriz.<\/p>\n<h2><strong>Jestbahis Canl\u0131 Casino<\/strong><\/h2>\n<p>Bir di\u011fer farkl\u0131 kategori ise <strong>Jestbahis canl\u0131 casino <\/strong>b\u00f6l\u00fcm\u00fc olarak ge\u00e7mektedir. Peki burada ne gibi oyun se\u00e7enekleri yer al\u0131yor? Sizler i\u00e7in yapt\u0131\u011f\u0131m\u0131z incelemelerin sonucunda \u015fu gibi oyunlara ait t\u00fcrleri g\u00f6rebileceksiniz diyebiliriz:<\/p>\n<ul>\n<li>Rulet<\/li>\n<li>Blackjack<\/li>\n<li>Poker<\/li>\n<li>Baccarat<\/li>\n<li>\u00c7ark\u0131felek<\/li>\n<li>Crazy Time<\/li>\n<li>Caribbean Stud<\/li>\n<\/ul>\n<p>\u0130\u015fte burada yer alan t\u00fcm oyun kategorilerinde sizlere canl\u0131 kurpiyerler ile hizmetler sa\u011flan\u0131yor. Bu hizmetlerin ayn\u0131 zamanda 7\/24 olarak verildi\u011fini g\u00f6rmekteyiz. B\u00f6ylelikle sizler de ne zaman isterseniz oyunlardan yararlanabiliyorsunuz. Altyap\u0131lar\u0131na bakt\u0131\u011f\u0131m\u0131zda da \u015fu isimler ile kar\u015f\u0131la\u015f\u0131yoruz:<\/p>\n<ul>\n<li>Pragmatic Play<\/li>\n<li>Evolution Gaming<\/li>\n<li>PlayTech<\/li>\n<li>Lucky Streak<\/li>\n<li>TV<\/li>\n<li>Live Games<\/li>\n<\/ul>\n<p>Altyap\u0131lar da g\u00fc\u00e7l\u00fc oldu\u011fu i\u00e7in hizmetlerden yararlan\u0131rken kalite problemi ile de kar\u015f\u0131la\u015fm\u0131yorsunuz.<\/p>\n<h2><strong>Jestbahis Kay\u0131t<\/strong><\/h2>\n<p>Bahsetti\u011fimiz bu \u015fekildeki hizmet se\u00e7eneklerinden yararlanmak ad\u0131na yapman\u0131z gereken belli ba\u015fl\u0131 i\u015flem se\u00e7enekleri de mevcut. Bunlar\u0131n ba\u015f\u0131nda da tabi ki kay\u0131tlar geliyor. Peki <strong>Jestbahis kay\u0131t <\/strong>i\u015flemlerini nas\u0131l ger\u00e7ekle\u015ftireceksiniz? Burada ilk olarak sitenin en \u00fcst k\u0131sm\u0131ndaki \u2018\u2019\u00fcye ol\u2019\u2019 adl\u0131 butona t\u0131klaman\u0131z gerekecektir. Butona t\u0131klaman\u0131z ile birlikte de kar\u015f\u0131n\u0131za bir ba\u015fvuru formunun \u00e7\u0131kt\u0131\u011f\u0131n\u0131 g\u00f6receksiniz. \u0130\u015fte \u00e7\u0131kan bu ba\u015fvuru formunda istenen bilgileri do\u011fru bir \u015fekilde doldurman\u0131z en \u00f6nemli konudur.<\/p>\n<p>Ba\u015fvuru formunu gerekli \u015fekilde doldurman\u0131z\u0131n ard\u0131ndan, bir de site i\u00e7erisinde \u00fcyelik onaylama ad\u0131m\u0131n\u0131 halletmeniz laz\u0131m. \u00dcyeliklerinizin onaylanma i\u015flemini de ger\u00e7ekle\u015ftirdikten sonra gayet ba\u015far\u0131l\u0131 bir \u015fekilde siteye giri\u015f i\u015flemlerinizi ger\u00e7ekle\u015ftirebilirsiniz. Yani yat\u0131r\u0131mlara ge\u00e7ebilirsiniz.<\/p>\n<h2><strong>Jestbahis Para Yat\u0131rma<\/strong><\/h2>\n<p>Siteye \u00fcyeliklerinizi ba\u015far\u0131l\u0131 bir \u015fekilde ger\u00e7ekle\u015ftirdikten sonra, bir de nas\u0131l yat\u0131r\u0131m yapaca\u011f\u0131n\u0131z konusunda bilgi sahibi olmal\u0131s\u0131n\u0131z. Bu noktada da sizler i\u00e7in <strong>Jestbahis para yat\u0131rma <\/strong>se\u00e7enekleri hakk\u0131nda bir inceleme ger\u00e7ekle\u015ftirdik. Sonu\u00e7 olarak \u015fu y\u00f6ntemleri ve minimum limitleri kullanabilece\u011finizi g\u00f6rmekteyiz:<\/p>\n<ul>\n<li>Banka Havalesi 200 TL<\/li>\n<li>Ecopayz 50 TL<\/li>\n<li>EnvoyPay 100 TL<\/li>\n<li>KriptoPay 100 TL<\/li>\n<li>MEFETE 5 TL<\/li>\n<li>Papara 100 TL<\/li>\n<li>QR Kod ve Cepbank 20 TL<\/li>\n<li>Kredi Kart\u0131 100 TL<\/li>\n<\/ul>\n<p>G\u00f6rd\u00fc\u011f\u00fcn\u00fcz \u00fczere hem farkl\u0131 y\u00f6ntemleri bulabilece\u011finiz hem de limitlerin gayet uygun tutuldu\u011fu bir bahis sitesidir. Sitenin i\u00e7erisinde yer alan bu \u015fekildeki y\u00f6ntem se\u00e7enekleri ile yat\u0131r\u0131m yaparken, hi\u00e7bir \u015fekilde komisyon \u00f6demesi vb. durum ile kar\u015f\u0131la\u015fmayacaks\u0131n\u0131z. Yani yat\u0131rd\u0131\u011f\u0131n\u0131z miktarlar\u0131 direkt olarak bakiyelerinizde g\u00f6rebileceksiniz.<\/p>\n<h2><strong>Jestbahis Para \u00c7ekme<\/strong><\/h2>\n<p>Sitenin i\u00e7erisinde kar\u015f\u0131la\u015faca\u011f\u0131n\u0131z bir di\u011fer \u00f6nemli i\u015flem se\u00e7ene\u011fi ise para \u00e7ekme i\u015flemleridir. Peki <strong>Jestbahis para \u00e7ekme <\/strong>i\u015flemleri i\u00e7in sizlere ne gibi y\u00f6ntemler vermektedir? Bu noktada da sitenin sizler i\u00e7in \u015fu gibi y\u00f6ntemleri sundu\u011funu g\u00f6rmekteyiz:<\/p>\n<ul>\n<li>Banka Havalesi<\/li>\n<li>Kredi Kart\u0131<\/li>\n<li>Papara<\/li>\n<\/ul>\n<p>Minimum olarak her birinde limitler 100 TL tutar\u0131ndad\u0131r. Yaln\u0131zca kredi kart\u0131 y\u00f6ntemi ile yapaca\u011f\u0131n\u0131z \u00e7ekim i\u015flemlerinde belge talep edilebilece\u011fini sizlere aktarmaktad\u0131r. Ayn\u0131 zamanda para yat\u0131rma i\u015flemlerindeki gibi komisyon vb. durum ile kar\u015f\u0131la\u015fmayacaks\u0131n\u0131z. Bu durum da tabi ki daha rahat bir \u015fekilde i\u015flem ger\u00e7ekle\u015ftirebilmenize olanak sa\u011flayacak. \u0130\u015flemlerin ortalama olarak 30 dakika i\u00e7erisinde ger\u00e7ekle\u015fti\u011fi de site taraf\u0131ndan belirtilmektedir.<\/p>\n","protected":false},"excerpt":{"rendered":"<p>Jestbahis g\u00fcncel giri\u015f adresi yine de\u011fi\u015ftirildi. Siteye ula\u015fmak i\u00e7in Jestbahis tan\u0131t\u0131m blo\u011fundaki linkler kullan\u0131labilir. 2017 senesinde hizmetlerine ba\u015flam\u0131\u015f olan Jestbahis sitesi, m\u00fc\u015fterilerine bu tarihten itibaren kapsaml\u0131 bir \u015fekilde hizmet vermeye devam ediyor. Sitede yer alan teknik bilgileri ilk olarak inceledi\u011fimizde Pinbit N.V \u015firketi y\u00f6netiminde hizmetlerin yer ald\u0131\u011f\u0131n\u0131 belirtmektedir. Bu \u015fekilde yer alan hizmet se\u00e7eneklerinde bir [&#8230;]<\/p>\n<p><a class=\"btn btn-secondary understrap-read-more-link\" href=\"https:\/\/jestbahiss.com\/tr\/jestbahis\/\">Daha fazlas\u0131n\u0131 oku\u2026<span class=\"screen-reader-text\"> from Jestbahis<\/span><\/a><\/p>\n","protected":false},"author":1,"featured_media":0,"parent":0,"menu_order":0,"comment_status":"closed","ping_status":"closed","template":"","meta":{"footnotes":""},"class_list":["post-107","page","type-page","status-publish","hentry"],"yoast_head":"<!-- This site is optimized with the Yoast SEO plugin v27.3 - https:\/\/yoast.com\/product\/yoast-seo-wordpress\/ -->\n<title>Jestbahis Giri\u015f - Jestbahis G\u00fcncel Adresi - Jestbahis Tan\u0131t\u0131m<\/title>\n<meta name=\"description\" content=\"Jestbahis g\u00fcncel giri\u015f adresi yine de\u011fi\u015ftirildi. Siteye ula\u015fmak i\u00e7in Jestbahis tan\u0131t\u0131m blo\u011fundaki linkler kullan\u0131labilir.\" \/>\n<meta name=\"robots\" content=\"index, follow, max-snippet:-1, max-image-preview:large, max-video-preview:-1\" \/>\n<link rel=\"canonical\" href=\"https:\/\/jestbahiss.com\/tr\/jestbahis\/\" \/>\n<meta property=\"og:locale\" content=\"tr_TR\" \/>\n<meta property=\"og:type\" content=\"article\" \/>\n<meta property=\"og:title\" content=\"Jestbahis Giri\u015f - Jestbahis G\u00fcncel Adresi - Jestbahis Tan\u0131t\u0131m\" \/>\n<meta property=\"og:description\" content=\"Jestbahis g\u00fcncel giri\u015f adresi yine de\u011fi\u015ftirildi. Siteye ula\u015fmak i\u00e7in Jestbahis tan\u0131t\u0131m blo\u011fundaki linkler kullan\u0131labilir.\" \/>\n<meta property=\"og:url\" content=\"https:\/\/jestbahiss.com\/tr\/jestbahis\/\" \/>\n<meta property=\"og:site_name\" content=\"Jestbahis\" \/>\n<meta property=\"article:modified_time\" content=\"2026-01-08T12:52:08+00:00\" \/>\n<meta property=\"og:image\" content=\"https:\/\/jestbahiss.com\/wp-content\/uploads\/2025\/03\/jestbahis-1024x501.webp\" \/>\n<meta name=\"twitter:card\" content=\"summary_large_image\" \/>\n<meta name=\"twitter:label1\" content=\"Tahmini okuma s\u00fcresi\" \/>\n\t<meta name=\"twitter:data1\" content=\"7 dakika\" \/>\n<script type=\"application\/ld+json\" class=\"yoast-schema-graph\">{\"@context\":\"https:\\\/\\\/schema.org\",\"@graph\":[{\"@type\":\"WebPage\",\"@id\":\"https:\\\/\\\/jestbahiss.com\\\/tr\\\/jestbahis\\\/\",\"url\":\"https:\\\/\\\/jestbahiss.com\\\/tr\\\/jestbahis\\\/\",\"name\":\"Jestbahis Giri\u015f - Jestbahis G\u00fcncel Adresi - Jestbahis Tan\u0131t\u0131m\",\"isPartOf\":{\"@id\":\"https:\\\/\\\/jestbahiss.com\\\/tr\\\/#website\"},\"primaryImageOfPage\":{\"@id\":\"https:\\\/\\\/jestbahiss.com\\\/tr\\\/jestbahis\\\/#primaryimage\"},\"image\":{\"@id\":\"https:\\\/\\\/jestbahiss.com\\\/tr\\\/jestbahis\\\/#primaryimage\"},\"thumbnailUrl\":\"https:\\\/\\\/jestbahiss.com\\\/wp-content\\\/uploads\\\/2025\\\/03\\\/jestbahis-1024x501.webp\",\"datePublished\":\"2025-03-10T01:09:19+00:00\",\"dateModified\":\"2026-01-08T12:52:08+00:00\",\"description\":\"Jestbahis g\u00fcncel giri\u015f adresi yine de\u011fi\u015ftirildi. Siteye ula\u015fmak i\u00e7in Jestbahis tan\u0131t\u0131m blo\u011fundaki linkler kullan\u0131labilir.\",\"breadcrumb\":{\"@id\":\"https:\\\/\\\/jestbahiss.com\\\/tr\\\/jestbahis\\\/#breadcrumb\"},\"inLanguage\":\"tr\",\"potentialAction\":[{\"@type\":\"ReadAction\",\"target\":[\"https:\\\/\\\/jestbahiss.com\\\/tr\\\/jestbahis\\\/\"]}]},{\"@type\":\"ImageObject\",\"inLanguage\":\"tr\",\"@id\":\"https:\\\/\\\/jestbahiss.com\\\/tr\\\/jestbahis\\\/#primaryimage\",\"url\":\"https:\\\/\\\/jestbahiss.com\\\/wp-content\\\/uploads\\\/2025\\\/03\\\/jestbahis-1024x501.webp\",\"contentUrl\":\"https:\\\/\\\/jestbahiss.com\\\/wp-content\\\/uploads\\\/2025\\\/03\\\/jestbahis-1024x501.webp\"},{\"@type\":\"BreadcrumbList\",\"@id\":\"https:\\\/\\\/jestbahiss.com\\\/tr\\\/jestbahis\\\/#breadcrumb\",\"itemListElement\":[{\"@type\":\"ListItem\",\"position\":1,\"name\":\"Anasayfa\",\"item\":\"https:\\\/\\\/jestbahiss.com\\\/tr\\\/\"},{\"@type\":\"ListItem\",\"position\":2,\"name\":\"Jestbahis\"}]},{\"@type\":\"WebSite\",\"@id\":\"https:\\\/\\\/jestbahiss.com\\\/tr\\\/#website\",\"url\":\"https:\\\/\\\/jestbahiss.com\\\/tr\\\/\",\"name\":\"Jestbahis\",\"description\":\"Jestbahis Giri\u015f Adresi Tan\u0131t\u0131m\u0131\",\"potentialAction\":[{\"@type\":\"SearchAction\",\"target\":{\"@type\":\"EntryPoint\",\"urlTemplate\":\"https:\\\/\\\/jestbahiss.com\\\/tr\\\/?s={search_term_string}\"},\"query-input\":{\"@type\":\"PropertyValueSpecification\",\"valueRequired\":true,\"valueName\":\"search_term_string\"}}],\"inLanguage\":\"tr\"}]}<\/script>\n<!-- \/ Yoast SEO plugin. -->","yoast_head_json":{"title":"Jestbahis Giri\u015f - Jestbahis G\u00fcncel Adresi - Jestbahis Tan\u0131t\u0131m","description":"Jestbahis g\u00fcncel giri\u015f adresi yine de\u011fi\u015ftirildi. Siteye ula\u015fmak i\u00e7in Jestbahis tan\u0131t\u0131m blo\u011fundaki linkler kullan\u0131labilir.","robots":{"index":"index","follow":"follow","max-snippet":"max-snippet:-1","max-image-preview":"max-image-preview:large","max-video-preview":"max-video-preview:-1"},"canonical":"https:\/\/jestbahiss.com\/tr\/jestbahis\/","og_locale":"tr_TR","og_type":"article","og_title":"Jestbahis Giri\u015f - Jestbahis G\u00fcncel Adresi - Jestbahis Tan\u0131t\u0131m","og_description":"Jestbahis g\u00fcncel giri\u015f adresi yine de\u011fi\u015ftirildi. Siteye ula\u015fmak i\u00e7in Jestbahis tan\u0131t\u0131m blo\u011fundaki linkler kullan\u0131labilir.","og_url":"https:\/\/jestbahiss.com\/tr\/jestbahis\/","og_site_name":"Jestbahis","article_modified_time":"2026-01-08T12:52:08+00:00","og_image":[{"url":"https:\/\/jestbahiss.com\/wp-content\/uploads\/2025\/03\/jestbahis-1024x501.webp","type":"","width":"","height":""}],"twitter_card":"summary_large_image","twitter_misc":{"Tahmini okuma s\u00fcresi":"7 dakika"},"schema":{"@context":"https:\/\/schema.org","@graph":[{"@type":"WebPage","@id":"https:\/\/jestbahiss.com\/tr\/jestbahis\/","url":"https:\/\/jestbahiss.com\/tr\/jestbahis\/","name":"Jestbahis Giri\u015f - Jestbahis G\u00fcncel Adresi - Jestbahis Tan\u0131t\u0131m","isPartOf":{"@id":"https:\/\/jestbahiss.com\/tr\/#website"},"primaryImageOfPage":{"@id":"https:\/\/jestbahiss.com\/tr\/jestbahis\/#primaryimage"},"image":{"@id":"https:\/\/jestbahiss.com\/tr\/jestbahis\/#primaryimage"},"thumbnailUrl":"https:\/\/jestbahiss.com\/wp-content\/uploads\/2025\/03\/jestbahis-1024x501.webp","datePublished":"2025-03-10T01:09:19+00:00","dateModified":"2026-01-08T12:52:08+00:00","description":"Jestbahis g\u00fcncel giri\u015f adresi yine de\u011fi\u015ftirildi. Siteye ula\u015fmak i\u00e7in Jestbahis tan\u0131t\u0131m blo\u011fundaki linkler kullan\u0131labilir.","breadcrumb":{"@id":"https:\/\/jestbahiss.com\/tr\/jestbahis\/#breadcrumb"},"inLanguage":"tr","potentialAction":[{"@type":"ReadAction","target":["https:\/\/jestbahiss.com\/tr\/jestbahis\/"]}]},{"@type":"ImageObject","inLanguage":"tr","@id":"https:\/\/jestbahiss.com\/tr\/jestbahis\/#primaryimage","url":"https:\/\/jestbahiss.com\/wp-content\/uploads\/2025\/03\/jestbahis-1024x501.webp","contentUrl":"https:\/\/jestbahiss.com\/wp-content\/uploads\/2025\/03\/jestbahis-1024x501.webp"},{"@type":"BreadcrumbList","@id":"https:\/\/jestbahiss.com\/tr\/jestbahis\/#breadcrumb","itemListElement":[{"@type":"ListItem","position":1,"name":"Anasayfa","item":"https:\/\/jestbahiss.com\/tr\/"},{"@type":"ListItem","position":2,"name":"Jestbahis"}]},{"@type":"WebSite","@id":"https:\/\/jestbahiss.com\/tr\/#website","url":"https:\/\/jestbahiss.com\/tr\/","name":"Jestbahis","description":"Jestbahis Giri\u015f Adresi Tan\u0131t\u0131m\u0131","potentialAction":[{"@type":"SearchAction","target":{"@type":"EntryPoint","urlTemplate":"https:\/\/jestbahiss.com\/tr\/?s={search_term_string}"},"query-input":{"@type":"PropertyValueSpecification","valueRequired":true,"valueName":"search_term_string"}}],"inLanguage":"tr"}]}},"_links":{"self":[{"href":"https:\/\/jestbahiss.com\/tr\/wp-json\/wp\/v2\/pages\/107","targetHints":{"allow":["GET"]}}],"collection":[{"href":"https:\/\/jestbahiss.com\/tr\/wp-json\/wp\/v2\/pages"}],"about":[{"href":"https:\/\/jestbahiss.com\/tr\/wp-json\/wp\/v2\/types\/page"}],"author":[{"embeddable":true,"href":"https:\/\/jestbahiss.com\/tr\/wp-json\/wp\/v2\/users\/1"}],"replies":[{"embeddable":true,"href":"https:\/\/jestbahiss.com\/tr\/wp-json\/wp\/v2\/comments?post=107"}],"version-history":[{"count":35,"href":"https:\/\/jestbahiss.com\/tr\/wp-json\/wp\/v2\/pages\/107\/revisions"}],"predecessor-version":[{"id":156,"href":"https:\/\/jestbahiss.com\/tr\/wp-json\/wp\/v2\/pages\/107\/revisions\/156"}],"wp:attachment":[{"href":"https:\/\/jestbahiss.com\/tr\/wp-json\/wp\/v2\/media?parent=107"}],"curies":[{"name":"wp","href":"https:\/\/api.w.org\/{rel}","templated":true}]}}