{"id":108,"date":"2025-03-10T01:09:19","date_gmt":"2025-03-10T01:09:19","guid":{"rendered":"https:\/\/jestbahiss.com\/jestbahis-bonuslari\/"},"modified":"2025-03-10T01:09:19","modified_gmt":"2025-03-10T01:09:19","slug":"jestbahis-bonuslari","status":"publish","type":"page","link":"https:\/\/jestbahiss.com\/tr\/jestbahis-bonuslari\/","title":{"rendered":"Jestbahis Bonuslar\u0131"},"content":{"rendered":"<p>Bahis firmalar\u0131n\u0131n i\u00e7erisindeki hizmet se\u00e7enekleri de\u011ferlendirilece\u011fi zamanlarda, \u00f6zellikle kazand\u0131r\u0131c\u0131 etkenlerin de \u00e7ok fazlas\u0131yla ara\u015ft\u0131r\u0131ld\u0131\u011f\u0131n\u0131 g\u00f6rmekteyiz. Bu etkenlerin ba\u015f\u0131nda da bonus se\u00e7enekleri gelmektedir. Ayn\u0131 durum bu bahis sitesi i\u00e7in de ge\u00e7erli olup, <strong><a href=\"https:\/\/jestbahiss.com\/jestbahis-bonuslari\/\">Jestbahis bonuslar\u0131<\/a><\/strong>\u00a0acaba ne \u015fekilde veriliyor diye bir merak olu\u015fabiliyor. Genel olarak bakt\u0131\u011f\u0131m\u0131zda hem yat\u0131r\u0131mlara hem de kay\u0131plara \u00f6zel bonus se\u00e7eneklerinin yer ald\u0131\u011f\u0131 bir bahis sitesi konumunda oldu\u011funu g\u00f6rmekteyiz. Bu \u015fekilde yer alan bonus se\u00e7eneklerini sizler i\u00e7in de\u011ferlendirme alt\u0131na ald\u0131k. Her iki kategoride de ne gibi bonus t\u00fcrlerinin yer ald\u0131\u011f\u0131n\u0131 makalemizin sonucunda rahatl\u0131kla g\u00f6rebileceksiniz. B\u00f6ylelikle bonuslar hakk\u0131nda siteye daha bilgili bir \u015fekilde giri\u015flerinizi ger\u00e7ekle\u015ftirmi\u015f olacaks\u0131n\u0131z diyebiliriz.<\/p>\n<p style=\"text-align: center\"><a href=\"https:\/\/rebrand.ly\/jestbahis\" target=\"_blank\" title=\"Siteye Giri\u015f \u0130\u00e7in T\u0131kla\" class=\"AriFlexBtns \" style=\"background: #ffcc00;\" rel=\"noopener noreferrer\"><strong>Siteye Giri\u015f \u0130\u00e7in T\u0131kla<\/strong><\/a><\/p>\n<h2>Jestbahis Yat\u0131r\u0131m Bonuslar\u0131<\/h2>\n<p>\u0130lk olarak <strong>Jestbahis bonuslar\u0131 <\/strong>aras\u0131nda yat\u0131r\u0131mlara \u00f6zel bonus se\u00e7enekleri ile kar\u015f\u0131la\u015facaks\u0131n\u0131z. Peki bu noktada <a href=\"https:\/\/jestbahiss.com\/\"><strong>Jestbahis<\/strong><\/a> hangi isimler ile sizlere sa\u011flan\u0131yor? Sizler i\u00e7in sitede yapt\u0131\u011f\u0131m\u0131z inceleme sonucunda \u015fu gibi bonus isimleri ile kar\u015f\u0131la\u015ft\u0131k diyebiliriz:<\/p>\n<ul>\n<li>%50 FreeBet Bonusu<\/li>\n<li>\u00c7evrimsiz %50 QR, Cepbank ve MEFETE Yat\u0131r\u0131m Bonusu<\/li>\n<li>Papara ve MEFETE Yat\u0131r\u0131mlar\u0131na %20 Bonus<\/li>\n<li>Envoy Havale %20 Yat\u0131r\u0131m Bonusu<\/li>\n<li>%10 Havale Yat\u0131r\u0131mlar\u0131na \u00d6zel Bonus<\/li>\n<li>%20 Coin Yat\u0131r\u0131mlar\u0131na Bonus<\/li>\n<\/ul>\n<p><img loading=\"lazy\" decoding=\"async\" class=\"aligncenter size-medium wp-image-33\" src=\"https:\/\/jestbahiss.com\/wp-content\/uploads\/2022\/06\/jestbahis-bonuslari-300x148.jpg\" alt=\"jestbahis bonuslar\u0131\" width=\"300\" height=\"148\" \/><\/p>\n<p>&nbsp;<\/p>\n<p>Yat\u0131r\u0131m y\u00f6ntemlerinin neredeyse her birine \u00f6zel bonus se\u00e7eneklerinin yer ald\u0131\u011f\u0131 bir bahis platformudur. Ayn\u0131 zamanda sitenin i\u00e7erisinde yer alan bu bonus se\u00e7eneklerindeki \u00e7evrim \u015fartlar\u0131n\u0131 da inceleme alt\u0131na ald\u0131k. \u00c7\u00fcnk\u00fc sizler i\u00e7in bu \u00e7evrim \u015fartlar\u0131n\u0131n da \u00e7ok \u00f6nemli oldu\u011funun fark\u0131nday\u0131z. \u0130ncelemelerimizin sonucunda da pek \u00e7ok bahis sitesinin \u00e7evrim \u015fartlar\u0131na g\u00f6re daha uygun \u015fartlar\u0131n yer ald\u0131\u011f\u0131ndan s\u00f6z edebiliyoruz. B\u00f6ylelikle sizler de bonus se\u00e7eneklerinizi daha kolay bir \u015fekilde \u00e7evirebilecek ve ard\u0131ndan para \u00e7ekme i\u015flemlerine koyabileceksiniz.<\/p>\n<h2>Jestbahis Kay\u0131p Bonuslar\u0131<\/h2>\n<p>Ekstra olarak sizler i\u00e7in kay\u0131p bonuslar\u0131 hakk\u0131nda da bir analiz ger\u00e7ekle\u015ftirdik. \u00c7\u00fcnk\u00fc kay\u0131plara \u00f6zel sa\u011flanan bonuslar da bahis sitelerinde \u00e7ok etkili katk\u0131lar sa\u011flamaktad\u0131r. Peki bu noktada <strong>Jestbahis kay\u0131p bonuslar\u0131 <\/strong>hangi isimlerle, nas\u0131l sa\u011flan\u0131yor? Bu \u015fekilde yapt\u0131\u011f\u0131m\u0131z incelemelerin sonucunda da \u015fu gibi bonus t\u00fcrleri ile kar\u015f\u0131la\u015ft\u0131k:<\/p>\n<ul>\n<li>Anl\u0131k Spor Bahislerine \u00d6zel %20 Kay\u0131p Bonusu<\/li>\n<li>Slot ve Canl\u0131 Casino T\u00fcrlerinde Anl\u0131k %15 Kay\u0131p Bonusu<\/li>\n<li>Zeppelin Kay\u0131plar\u0131n\u0131za %20 Bonus<\/li>\n<\/ul>\n<p>Sitenin i\u00e7erisindeki neredeyse her hizmete \u00f6zel kay\u0131p bonusu ile kar\u015f\u0131la\u015fabilece\u011finizi belirtebiliriz. \u00dcstelik bu kay\u0131p bonuslar\u0131nda herhangi bir \u00e7evrim \u015fart\u0131n\u0131n da yer almad\u0131\u011f\u0131n\u0131 g\u00f6rmekteyiz. Ya\u015fad\u0131\u011f\u0131n\u0131z neredeyse her kayb\u0131n \u00f6nemli bir k\u0131sm\u0131n\u0131 geri alabilecek, b\u00f6ylelikle di\u011fer bahis sitelerine g\u00f6re daha avantajl\u0131 bir konumda hizmet alabileceksiniz.<\/p>\n","protected":false},"excerpt":{"rendered":"<p>Bahis firmalar\u0131n\u0131n i\u00e7erisindeki hizmet se\u00e7enekleri de\u011ferlendirilece\u011fi zamanlarda, \u00f6zellikle kazand\u0131r\u0131c\u0131 etkenlerin de \u00e7ok fazlas\u0131yla ara\u015ft\u0131r\u0131ld\u0131\u011f\u0131n\u0131 g\u00f6rmekteyiz. Bu etkenlerin ba\u015f\u0131nda da bonus se\u00e7enekleri gelmektedir. Ayn\u0131 durum bu bahis sitesi i\u00e7in de ge\u00e7erli olup, Jestbahis bonuslar\u0131\u00a0acaba ne \u015fekilde veriliyor diye bir merak olu\u015fabiliyor. Genel olarak bakt\u0131\u011f\u0131m\u0131zda hem yat\u0131r\u0131mlara hem de kay\u0131plara \u00f6zel bonus se\u00e7eneklerinin yer ald\u0131\u011f\u0131 bir bahis [&#8230;]<\/p>\n<p><a class=\"btn btn-secondary understrap-read-more-link\" href=\"https:\/\/jestbahiss.com\/tr\/jestbahis-bonuslari\/\">Daha fazlas\u0131n\u0131 oku\u2026<span class=\"screen-reader-text\"> from Jestbahis Bonuslar\u0131<\/span><\/a><\/p>\n","protected":false},"author":0,"featured_media":0,"parent":0,"menu_order":0,"comment_status":"closed","ping_status":"closed","template":"","meta":{"footnotes":""},"class_list":["post-108","page","type-page","status-publish","hentry"],"yoast_head":"<!-- This site is optimized with the Yoast SEO plugin v27.3 - https:\/\/yoast.com\/product\/yoast-seo-wordpress\/ -->\n<title>Jestbahis Bonuslar\u0131 - Jestbahis<\/title>\n<meta name=\"robots\" content=\"index, follow, max-snippet:-1, max-image-preview:large, max-video-preview:-1\" \/>\n<link rel=\"canonical\" href=\"https:\/\/jestbahiss.com\/tr\/jestbahis-bonuslari\/\" \/>\n<meta property=\"og:locale\" content=\"tr_TR\" \/>\n<meta property=\"og:type\" content=\"article\" \/>\n<meta property=\"og:title\" content=\"Jestbahis Bonuslar\u0131 - Jestbahis\" \/>\n<meta property=\"og:description\" content=\"Bahis firmalar\u0131n\u0131n i\u00e7erisindeki hizmet se\u00e7enekleri de\u011ferlendirilece\u011fi zamanlarda, \u00f6zellikle kazand\u0131r\u0131c\u0131 etkenlerin de \u00e7ok fazlas\u0131yla ara\u015ft\u0131r\u0131ld\u0131\u011f\u0131n\u0131 g\u00f6rmekteyiz. Bu etkenlerin ba\u015f\u0131nda da bonus se\u00e7enekleri gelmektedir. Ayn\u0131 durum bu bahis sitesi i\u00e7in de ge\u00e7erli olup, Jestbahis bonuslar\u0131\u00a0acaba ne \u015fekilde veriliyor diye bir merak olu\u015fabiliyor. Genel olarak bakt\u0131\u011f\u0131m\u0131zda hem yat\u0131r\u0131mlara hem de kay\u0131plara \u00f6zel bonus se\u00e7eneklerinin yer ald\u0131\u011f\u0131 bir bahis [...]Daha fazlas\u0131n\u0131 oku\u2026 from Jestbahis Bonuslar\u0131\" \/>\n<meta property=\"og:url\" content=\"https:\/\/jestbahiss.com\/tr\/jestbahis-bonuslari\/\" \/>\n<meta property=\"og:site_name\" content=\"Jestbahis\" \/>\n<meta property=\"og:image\" content=\"https:\/\/jestbahiss.com\/wp-content\/uploads\/2022\/06\/jestbahis-bonuslari-300x148.jpg\" \/>\n<meta name=\"twitter:card\" content=\"summary_large_image\" \/>\n<meta name=\"twitter:label1\" content=\"Tahmini okuma s\u00fcresi\" \/>\n\t<meta name=\"twitter:data1\" content=\"3 dakika\" \/>\n<script type=\"application\/ld+json\" class=\"yoast-schema-graph\">{\"@context\":\"https:\\\/\\\/schema.org\",\"@graph\":[{\"@type\":\"WebPage\",\"@id\":\"https:\\\/\\\/jestbahiss.com\\\/tr\\\/jestbahis-bonuslari\\\/\",\"url\":\"https:\\\/\\\/jestbahiss.com\\\/tr\\\/jestbahis-bonuslari\\\/\",\"name\":\"Jestbahis Bonuslar\u0131 - Jestbahis\",\"isPartOf\":{\"@id\":\"https:\\\/\\\/jestbahiss.com\\\/tr\\\/#website\"},\"primaryImageOfPage\":{\"@id\":\"https:\\\/\\\/jestbahiss.com\\\/tr\\\/jestbahis-bonuslari\\\/#primaryimage\"},\"image\":{\"@id\":\"https:\\\/\\\/jestbahiss.com\\\/tr\\\/jestbahis-bonuslari\\\/#primaryimage\"},\"thumbnailUrl\":\"https:\\\/\\\/jestbahiss.com\\\/wp-content\\\/uploads\\\/2022\\\/06\\\/jestbahis-bonuslari-300x148.jpg\",\"datePublished\":\"2025-03-10T01:09:19+00:00\",\"breadcrumb\":{\"@id\":\"https:\\\/\\\/jestbahiss.com\\\/tr\\\/jestbahis-bonuslari\\\/#breadcrumb\"},\"inLanguage\":\"tr\",\"potentialAction\":[{\"@type\":\"ReadAction\",\"target\":[\"https:\\\/\\\/jestbahiss.com\\\/tr\\\/jestbahis-bonuslari\\\/\"]}]},{\"@type\":\"ImageObject\",\"inLanguage\":\"tr\",\"@id\":\"https:\\\/\\\/jestbahiss.com\\\/tr\\\/jestbahis-bonuslari\\\/#primaryimage\",\"url\":\"https:\\\/\\\/jestbahiss.com\\\/wp-content\\\/uploads\\\/2022\\\/06\\\/jestbahis-bonuslari-300x148.jpg\",\"contentUrl\":\"https:\\\/\\\/jestbahiss.com\\\/wp-content\\\/uploads\\\/2022\\\/06\\\/jestbahis-bonuslari-300x148.jpg\"},{\"@type\":\"BreadcrumbList\",\"@id\":\"https:\\\/\\\/jestbahiss.com\\\/tr\\\/jestbahis-bonuslari\\\/#breadcrumb\",\"itemListElement\":[{\"@type\":\"ListItem\",\"position\":1,\"name\":\"Anasayfa\",\"item\":\"https:\\\/\\\/jestbahiss.com\\\/tr\\\/\"},{\"@type\":\"ListItem\",\"position\":2,\"name\":\"Jestbahis Bonuslar\u0131\"}]},{\"@type\":\"WebSite\",\"@id\":\"https:\\\/\\\/jestbahiss.com\\\/tr\\\/#website\",\"url\":\"https:\\\/\\\/jestbahiss.com\\\/tr\\\/\",\"name\":\"Jestbahis\",\"description\":\"Jestbahis Giri\u015f Adresi Tan\u0131t\u0131m\u0131\",\"potentialAction\":[{\"@type\":\"SearchAction\",\"target\":{\"@type\":\"EntryPoint\",\"urlTemplate\":\"https:\\\/\\\/jestbahiss.com\\\/tr\\\/?s={search_term_string}\"},\"query-input\":{\"@type\":\"PropertyValueSpecification\",\"valueRequired\":true,\"valueName\":\"search_term_string\"}}],\"inLanguage\":\"tr\"}]}<\/script>\n<!-- \/ Yoast SEO plugin. -->","yoast_head_json":{"title":"Jestbahis Bonuslar\u0131 - Jestbahis","robots":{"index":"index","follow":"follow","max-snippet":"max-snippet:-1","max-image-preview":"max-image-preview:large","max-video-preview":"max-video-preview:-1"},"canonical":"https:\/\/jestbahiss.com\/tr\/jestbahis-bonuslari\/","og_locale":"tr_TR","og_type":"article","og_title":"Jestbahis Bonuslar\u0131 - Jestbahis","og_description":"Bahis firmalar\u0131n\u0131n i\u00e7erisindeki hizmet se\u00e7enekleri de\u011ferlendirilece\u011fi zamanlarda, \u00f6zellikle kazand\u0131r\u0131c\u0131 etkenlerin de \u00e7ok fazlas\u0131yla ara\u015ft\u0131r\u0131ld\u0131\u011f\u0131n\u0131 g\u00f6rmekteyiz. Bu etkenlerin ba\u015f\u0131nda da bonus se\u00e7enekleri gelmektedir. Ayn\u0131 durum bu bahis sitesi i\u00e7in de ge\u00e7erli olup, Jestbahis bonuslar\u0131\u00a0acaba ne \u015fekilde veriliyor diye bir merak olu\u015fabiliyor. Genel olarak bakt\u0131\u011f\u0131m\u0131zda hem yat\u0131r\u0131mlara hem de kay\u0131plara \u00f6zel bonus se\u00e7eneklerinin yer ald\u0131\u011f\u0131 bir bahis [...]Daha fazlas\u0131n\u0131 oku\u2026 from Jestbahis Bonuslar\u0131","og_url":"https:\/\/jestbahiss.com\/tr\/jestbahis-bonuslari\/","og_site_name":"Jestbahis","og_image":[{"url":"https:\/\/jestbahiss.com\/wp-content\/uploads\/2022\/06\/jestbahis-bonuslari-300x148.jpg","type":"","width":"","height":""}],"twitter_card":"summary_large_image","twitter_misc":{"Tahmini okuma s\u00fcresi":"3 dakika"},"schema":{"@context":"https:\/\/schema.org","@graph":[{"@type":"WebPage","@id":"https:\/\/jestbahiss.com\/tr\/jestbahis-bonuslari\/","url":"https:\/\/jestbahiss.com\/tr\/jestbahis-bonuslari\/","name":"Jestbahis Bonuslar\u0131 - Jestbahis","isPartOf":{"@id":"https:\/\/jestbahiss.com\/tr\/#website"},"primaryImageOfPage":{"@id":"https:\/\/jestbahiss.com\/tr\/jestbahis-bonuslari\/#primaryimage"},"image":{"@id":"https:\/\/jestbahiss.com\/tr\/jestbahis-bonuslari\/#primaryimage"},"thumbnailUrl":"https:\/\/jestbahiss.com\/wp-content\/uploads\/2022\/06\/jestbahis-bonuslari-300x148.jpg","datePublished":"2025-03-10T01:09:19+00:00","breadcrumb":{"@id":"https:\/\/jestbahiss.com\/tr\/jestbahis-bonuslari\/#breadcrumb"},"inLanguage":"tr","potentialAction":[{"@type":"ReadAction","target":["https:\/\/jestbahiss.com\/tr\/jestbahis-bonuslari\/"]}]},{"@type":"ImageObject","inLanguage":"tr","@id":"https:\/\/jestbahiss.com\/tr\/jestbahis-bonuslari\/#primaryimage","url":"https:\/\/jestbahiss.com\/wp-content\/uploads\/2022\/06\/jestbahis-bonuslari-300x148.jpg","contentUrl":"https:\/\/jestbahiss.com\/wp-content\/uploads\/2022\/06\/jestbahis-bonuslari-300x148.jpg"},{"@type":"BreadcrumbList","@id":"https:\/\/jestbahiss.com\/tr\/jestbahis-bonuslari\/#breadcrumb","itemListElement":[{"@type":"ListItem","position":1,"name":"Anasayfa","item":"https:\/\/jestbahiss.com\/tr\/"},{"@type":"ListItem","position":2,"name":"Jestbahis Bonuslar\u0131"}]},{"@type":"WebSite","@id":"https:\/\/jestbahiss.com\/tr\/#website","url":"https:\/\/jestbahiss.com\/tr\/","name":"Jestbahis","description":"Jestbahis Giri\u015f Adresi Tan\u0131t\u0131m\u0131","potentialAction":[{"@type":"SearchAction","target":{"@type":"EntryPoint","urlTemplate":"https:\/\/jestbahiss.com\/tr\/?s={search_term_string}"},"query-input":{"@type":"PropertyValueSpecification","valueRequired":true,"valueName":"search_term_string"}}],"inLanguage":"tr"}]}},"_links":{"self":[{"href":"https:\/\/jestbahiss.com\/tr\/wp-json\/wp\/v2\/pages\/108","targetHints":{"allow":["GET"]}}],"collection":[{"href":"https:\/\/jestbahiss.com\/tr\/wp-json\/wp\/v2\/pages"}],"about":[{"href":"https:\/\/jestbahiss.com\/tr\/wp-json\/wp\/v2\/types\/page"}],"replies":[{"embeddable":true,"href":"https:\/\/jestbahiss.com\/tr\/wp-json\/wp\/v2\/comments?post=108"}],"version-history":[{"count":0,"href":"https:\/\/jestbahiss.com\/tr\/wp-json\/wp\/v2\/pages\/108\/revisions"}],"wp:attachment":[{"href":"https:\/\/jestbahiss.com\/tr\/wp-json\/wp\/v2\/media?parent=108"}],"curies":[{"name":"wp","href":"https:\/\/api.w.org\/{rel}","templated":true}]}}